{"id":72,"date":"2012-02-10T15:54:59","date_gmt":"2012-02-10T15:54:59","guid":{"rendered":"http:\/\/www.randulfs-cembalo.no\/wp\/?page_id=72"},"modified":"2022-01-21T09:36:57","modified_gmt":"2022-01-21T09:36:57","slug":"kontakt-informasjon","status":"publish","type":"page","link":"https:\/\/www.randulfs-cembalo.no\/?page_id=72","title":{"rendered":"Kontaktinformasjon"},"content":{"rendered":"<p>Randulf Larsen Skj\u00e6rseth<br \/>\nVeimester Kroghs gate 2B<br \/>\n7043 Trondheim<\/p>\n<p>Mobil: 92649117<\/p>\n<p>E-post: randulfl@gmail.com<\/p>\n<p>&nbsp;<\/p>\n","protected":false},"excerpt":{"rendered":"<p>Randulf Larsen Skj\u00e6rseth Veimester Kroghs gate 2B 7043 Trondheim Mobil: 92649117 E-post: randulfl@gmail.com &nbsp;<\/p>\n","protected":false},"author":3,"featured_media":0,"parent":0,"menu_order":0,"comment_status":"closed","ping_status":"closed","template":"","meta":{"ngg_post_thumbnail":0,"spay_email":"","footnotes":""},"class_list":["post-72","page","type-page","status-publish","hentry"],"jetpack_shortlink":"https:\/\/wp.me\/P9szbT-1a","jetpack_sharing_enabled":true,"jetpack_likes_enabled":true,"jetpack-related-posts":[{"id":2,"url":"https:\/\/www.randulfs-cembalo.no\/","url_meta":{"origin":72,"position":0},"title":"Hovedside","date":"05\/02\/2012","format":false,"excerpt":"Randulf Larsen Skj\u00e6rseth har i over 40 \u00e5r bygd cembalo. Instrumentene bygges etter de prinsippene som gjaldt for cembalobygging i cembaloets glanstid, barokken. I bildegalleriet nedenfor kan du se detaljer fra instrumentenes utseende. \" order_by=\"sortorder\" order_direction=\"ASC\" returns=\"included\" maximum_entity_count=\"500\"] \u00a0","rel":"","context":"Liknende innlegg","img":{"alt_text":"","src":"","width":0,"height":0},"classes":[]},{"id":7,"url":"https:\/\/www.randulfs-cembalo.no\/?page_id=7","url_meta":{"origin":72,"position":1},"title":"Mine cembali","date":"05\/02\/2012","format":false,"excerpt":"Jeg har siden jeg var barn hatt interesse for musikkinstrumenter, og hvordan de er bygd. I 1966 flyttet jeg til Trondheim og \"oppdaget\" Ringve museum. Etter \u00e5 ha bes\u00f8kt museet en rekke ganger, og v\u00e6rt p\u00e5 mange konserter der med Ringeve kammerensemble, ble jeg klar over at cembaloet m\u00e5tte bli\u2026","rel":"","context":"Liknende innlegg","img":{"alt_text":"","src":"","width":0,"height":0},"classes":[]},{"id":46,"url":"https:\/\/www.randulfs-cembalo.no\/?page_id=46","url_meta":{"origin":72,"position":2},"title":"Cembalo selges","date":"09\/02\/2012","format":false,"excerpt":"Grunnet plassmangel ser jeg meg n\u00f8dt til \u00e5 selge dette instrumentet. Cembaloet: 2x8 +L Ferdig i 2021 God tone Stabilt i stemming Trans: 440\/415 Dersom du dere er interesserte kan dere ta kontakt med meg p\u00e5 epost (randulfl@gmail.com) eller per telefon: +4792649117.\u00a0 \u00a0 \u00a0","rel":"","context":"Liknende innlegg","img":{"alt_text":"","src":"https:\/\/i0.wp.com\/www.randulfs-cembalo.no\/wp-content\/uploads\/2022\/04\/IMG_0775.jpg?resize=350%2C200","width":350,"height":200},"classes":[]},{"id":152,"url":"https:\/\/www.randulfs-cembalo.no\/?page_id=152","url_meta":{"origin":72,"position":3},"title":"Cembalo 8","date":"16\/03\/2015","format":false,"excerpt":"Mitt nyeste cembalo ble ferdigbygget i 2014. Cembaloet er n\u00e5 til salgs. Ta kontakt p\u00e5 92649117 eller send epost. Cembaloet er et 2\u00d78 + L. Transponering til 415. Bilder av instrumentet\/pictures of the instrument:","rel":"","context":"Liknende innlegg","img":{"alt_text":"","src":"http:\/\/18.194.160.168\/index.php\/nextgen-attach_to_post\/preview\/id--189","width":350,"height":200},"classes":[]}],"_links":{"self":[{"href":"https:\/\/www.randulfs-cembalo.no\/index.php?rest_route=\/wp\/v2\/pages\/72","targetHints":{"allow":["GET"]}}],"collection":[{"href":"https:\/\/www.randulfs-cembalo.no\/index.php?rest_route=\/wp\/v2\/pages"}],"about":[{"href":"https:\/\/www.randulfs-cembalo.no\/index.php?rest_route=\/wp\/v2\/types\/page"}],"author":[{"embeddable":true,"href":"https:\/\/www.randulfs-cembalo.no\/index.php?rest_route=\/wp\/v2\/users\/3"}],"replies":[{"embeddable":true,"href":"https:\/\/www.randulfs-cembalo.no\/index.php?rest_route=%2Fwp%2Fv2%2Fcomments&post=72"}],"version-history":[{"count":8,"href":"https:\/\/www.randulfs-cembalo.no\/index.php?rest_route=\/wp\/v2\/pages\/72\/revisions"}],"predecessor-version":[{"id":255,"href":"https:\/\/www.randulfs-cembalo.no\/index.php?rest_route=\/wp\/v2\/pages\/72\/revisions\/255"}],"wp:attachment":[{"href":"https:\/\/www.randulfs-cembalo.no\/index.php?rest_route=%2Fwp%2Fv2%2Fmedia&parent=72"}],"curies":[{"name":"wp","href":"https:\/\/api.w.org\/{rel}","templated":true}]}}