{"id":46,"date":"2012-02-09T17:27:59","date_gmt":"2012-02-09T17:27:59","guid":{"rendered":"http:\/\/www.randulfs-cembalo.no\/wp\/?page_id=46"},"modified":"2022-04-07T20:14:06","modified_gmt":"2022-04-07T20:14:06","slug":"cembalo-til-salgs","status":"publish","type":"page","link":"https:\/\/www.randulfs-cembalo.no\/?page_id=46","title":{"rendered":"Cembalo selges"},"content":{"rendered":"<p>Grunnet plassmangel ser jeg meg n\u00f8dt til \u00e5 selge dette instrumentet.<\/p>\n<p>Cembaloet:<a href=\"https:\/\/i0.wp.com\/www.randulfs-cembalo.no\/wp-content\/uploads\/2022\/04\/IMG_0776.jpg\"><img loading=\"lazy\" decoding=\"async\" data-attachment-id=\"263\" data-permalink=\"https:\/\/www.randulfs-cembalo.no\/?attachment_id=263\" data-orig-file=\"https:\/\/i0.wp.com\/www.randulfs-cembalo.no\/wp-content\/uploads\/2022\/04\/IMG_0776.jpg?fit=1125%2C1500&amp;ssl=1\" data-orig-size=\"1125,1500\" data-comments-opened=\"0\" data-image-meta=\"{&quot;aperture&quot;:&quot;0&quot;,&quot;credit&quot;:&quot;&quot;,&quot;camera&quot;:&quot;&quot;,&quot;caption&quot;:&quot;&quot;,&quot;created_timestamp&quot;:&quot;0&quot;,&quot;copyright&quot;:&quot;&quot;,&quot;focal_length&quot;:&quot;0&quot;,&quot;iso&quot;:&quot;0&quot;,&quot;shutter_speed&quot;:&quot;0&quot;,&quot;title&quot;:&quot;&quot;,&quot;orientation&quot;:&quot;1&quot;}\" data-image-title=\"IMG_0776\" data-image-description=\"\" data-image-caption=\"\" data-medium-file=\"https:\/\/i0.wp.com\/www.randulfs-cembalo.no\/wp-content\/uploads\/2022\/04\/IMG_0776.jpg?fit=225%2C300&amp;ssl=1\" data-large-file=\"https:\/\/i0.wp.com\/www.randulfs-cembalo.no\/wp-content\/uploads\/2022\/04\/IMG_0776.jpg?fit=640%2C853&amp;ssl=1\" class=\"alignright size-medium wp-image-263\" src=\"https:\/\/i0.wp.com\/www.randulfs-cembalo.no\/wp-content\/uploads\/2022\/04\/IMG_0776.jpg?resize=225%2C300\" alt=\"\" width=\"225\" height=\"300\" srcset=\"https:\/\/i0.wp.com\/www.randulfs-cembalo.no\/wp-content\/uploads\/2022\/04\/IMG_0776.jpg?resize=225%2C300&amp;ssl=1 225w, https:\/\/i0.wp.com\/www.randulfs-cembalo.no\/wp-content\/uploads\/2022\/04\/IMG_0776.jpg?resize=768%2C1024&amp;ssl=1 768w, https:\/\/i0.wp.com\/www.randulfs-cembalo.no\/wp-content\/uploads\/2022\/04\/IMG_0776.jpg?w=1125&amp;ssl=1 1125w\" sizes=\"auto, (max-width: 225px) 100vw, 225px\" data-recalc-dims=\"1\" \/><\/a><\/p>\n<ul>\n<li>2&#215;8 +L<\/li>\n<li>Ferdig i 2021<\/li>\n<li>God tone<\/li>\n<li>Stabilt i stemming<\/li>\n<li>Trans: 440\/415<\/li>\n<\/ul>\n<p>Dersom du dere er interesserte kan dere ta kontakt med meg p\u00e5 epost (randulfl@gmail.com) eller per telefon: +4792649117.&nbsp;<\/p>\n<div data-carousel-extra='{\"blog_id\":1,\"permalink\":\"https:\\\/\\\/www.randulfs-cembalo.no\\\/?page_id=46\"}' id='gallery-1' class='gallery galleryid-46 gallery-columns-3 gallery-size-thumbnail'><dl class='gallery-item'>\n\t\t\t<dt class='gallery-icon landscape'>\n\t\t\t\t<a href='https:\/\/www.randulfs-cembalo.no\/?attachment_id=262'><img loading=\"lazy\" decoding=\"async\" width=\"150\" height=\"150\" src=\"https:\/\/i0.wp.com\/www.randulfs-cembalo.no\/wp-content\/uploads\/2022\/04\/IMG_0775.jpg?resize=150%2C150&amp;ssl=1\" class=\"attachment-thumbnail size-thumbnail\" alt=\"\" srcset=\"https:\/\/i0.wp.com\/www.randulfs-cembalo.no\/wp-content\/uploads\/2022\/04\/IMG_0775.jpg?resize=150%2C150&amp;ssl=1 150w, https:\/\/i0.wp.com\/www.randulfs-cembalo.no\/wp-content\/uploads\/2022\/04\/IMG_0775.jpg?zoom=2&amp;resize=150%2C150 300w, https:\/\/i0.wp.com\/www.randulfs-cembalo.no\/wp-content\/uploads\/2022\/04\/IMG_0775.jpg?zoom=3&amp;resize=150%2C150 450w\" sizes=\"auto, (max-width: 150px) 100vw, 150px\" data-attachment-id=\"262\" data-permalink=\"https:\/\/www.randulfs-cembalo.no\/?attachment_id=262\" data-orig-file=\"https:\/\/i0.wp.com\/www.randulfs-cembalo.no\/wp-content\/uploads\/2022\/04\/IMG_0775.jpg?fit=1125%2C844&amp;ssl=1\" data-orig-size=\"1125,844\" data-comments-opened=\"0\" data-image-meta=\"{&quot;aperture&quot;:&quot;0&quot;,&quot;credit&quot;:&quot;&quot;,&quot;camera&quot;:&quot;&quot;,&quot;caption&quot;:&quot;&quot;,&quot;created_timestamp&quot;:&quot;0&quot;,&quot;copyright&quot;:&quot;&quot;,&quot;focal_length&quot;:&quot;0&quot;,&quot;iso&quot;:&quot;0&quot;,&quot;shutter_speed&quot;:&quot;0&quot;,&quot;title&quot;:&quot;&quot;,&quot;orientation&quot;:&quot;1&quot;}\" data-image-title=\"IMG_0775\" data-image-description=\"\" data-image-caption=\"\" data-medium-file=\"https:\/\/i0.wp.com\/www.randulfs-cembalo.no\/wp-content\/uploads\/2022\/04\/IMG_0775.jpg?fit=300%2C225&amp;ssl=1\" data-large-file=\"https:\/\/i0.wp.com\/www.randulfs-cembalo.no\/wp-content\/uploads\/2022\/04\/IMG_0775.jpg?fit=640%2C480&amp;ssl=1\" \/><\/a>\n\t\t\t<\/dt><\/dl><dl class='gallery-item'>\n\t\t\t<dt class='gallery-icon portrait'>\n\t\t\t\t<a href='https:\/\/www.randulfs-cembalo.no\/?attachment_id=263'><img loading=\"lazy\" decoding=\"async\" width=\"150\" height=\"150\" src=\"https:\/\/i0.wp.com\/www.randulfs-cembalo.no\/wp-content\/uploads\/2022\/04\/IMG_0776.jpg?resize=150%2C150&amp;ssl=1\" class=\"attachment-thumbnail size-thumbnail\" alt=\"\" srcset=\"https:\/\/i0.wp.com\/www.randulfs-cembalo.no\/wp-content\/uploads\/2022\/04\/IMG_0776.jpg?resize=150%2C150&amp;ssl=1 150w, https:\/\/i0.wp.com\/www.randulfs-cembalo.no\/wp-content\/uploads\/2022\/04\/IMG_0776.jpg?zoom=2&amp;resize=150%2C150 300w, https:\/\/i0.wp.com\/www.randulfs-cembalo.no\/wp-content\/uploads\/2022\/04\/IMG_0776.jpg?zoom=3&amp;resize=150%2C150 450w\" sizes=\"auto, (max-width: 150px) 100vw, 150px\" data-attachment-id=\"263\" data-permalink=\"https:\/\/www.randulfs-cembalo.no\/?attachment_id=263\" data-orig-file=\"https:\/\/i0.wp.com\/www.randulfs-cembalo.no\/wp-content\/uploads\/2022\/04\/IMG_0776.jpg?fit=1125%2C1500&amp;ssl=1\" data-orig-size=\"1125,1500\" data-comments-opened=\"0\" data-image-meta=\"{&quot;aperture&quot;:&quot;0&quot;,&quot;credit&quot;:&quot;&quot;,&quot;camera&quot;:&quot;&quot;,&quot;caption&quot;:&quot;&quot;,&quot;created_timestamp&quot;:&quot;0&quot;,&quot;copyright&quot;:&quot;&quot;,&quot;focal_length&quot;:&quot;0&quot;,&quot;iso&quot;:&quot;0&quot;,&quot;shutter_speed&quot;:&quot;0&quot;,&quot;title&quot;:&quot;&quot;,&quot;orientation&quot;:&quot;1&quot;}\" data-image-title=\"IMG_0776\" data-image-description=\"\" data-image-caption=\"\" data-medium-file=\"https:\/\/i0.wp.com\/www.randulfs-cembalo.no\/wp-content\/uploads\/2022\/04\/IMG_0776.jpg?fit=225%2C300&amp;ssl=1\" data-large-file=\"https:\/\/i0.wp.com\/www.randulfs-cembalo.no\/wp-content\/uploads\/2022\/04\/IMG_0776.jpg?fit=640%2C853&amp;ssl=1\" \/><\/a>\n\t\t\t<\/dt><\/dl><dl class='gallery-item'>\n\t\t\t<dt class='gallery-icon portrait'>\n\t\t\t\t<a href='https:\/\/www.randulfs-cembalo.no\/?attachment_id=261'><img loading=\"lazy\" decoding=\"async\" width=\"150\" height=\"150\" src=\"https:\/\/i0.wp.com\/www.randulfs-cembalo.no\/wp-content\/uploads\/2022\/04\/IMG_0774.jpg?resize=150%2C150&amp;ssl=1\" class=\"attachment-thumbnail size-thumbnail\" alt=\"\" srcset=\"https:\/\/i0.wp.com\/www.randulfs-cembalo.no\/wp-content\/uploads\/2022\/04\/IMG_0774.jpg?resize=150%2C150&amp;ssl=1 150w, https:\/\/i0.wp.com\/www.randulfs-cembalo.no\/wp-content\/uploads\/2022\/04\/IMG_0774.jpg?zoom=2&amp;resize=150%2C150 300w, https:\/\/i0.wp.com\/www.randulfs-cembalo.no\/wp-content\/uploads\/2022\/04\/IMG_0774.jpg?zoom=3&amp;resize=150%2C150 450w\" sizes=\"auto, (max-width: 150px) 100vw, 150px\" data-attachment-id=\"261\" data-permalink=\"https:\/\/www.randulfs-cembalo.no\/?attachment_id=261\" data-orig-file=\"https:\/\/i0.wp.com\/www.randulfs-cembalo.no\/wp-content\/uploads\/2022\/04\/IMG_0774.jpg?fit=1125%2C1500&amp;ssl=1\" data-orig-size=\"1125,1500\" data-comments-opened=\"0\" data-image-meta=\"{&quot;aperture&quot;:&quot;0&quot;,&quot;credit&quot;:&quot;&quot;,&quot;camera&quot;:&quot;&quot;,&quot;caption&quot;:&quot;&quot;,&quot;created_timestamp&quot;:&quot;0&quot;,&quot;copyright&quot;:&quot;&quot;,&quot;focal_length&quot;:&quot;0&quot;,&quot;iso&quot;:&quot;0&quot;,&quot;shutter_speed&quot;:&quot;0&quot;,&quot;title&quot;:&quot;&quot;,&quot;orientation&quot;:&quot;1&quot;}\" data-image-title=\"IMG_0774\" data-image-description=\"\" data-image-caption=\"\" data-medium-file=\"https:\/\/i0.wp.com\/www.randulfs-cembalo.no\/wp-content\/uploads\/2022\/04\/IMG_0774.jpg?fit=225%2C300&amp;ssl=1\" data-large-file=\"https:\/\/i0.wp.com\/www.randulfs-cembalo.no\/wp-content\/uploads\/2022\/04\/IMG_0774.jpg?fit=640%2C853&amp;ssl=1\" \/><\/a>\n\t\t\t<\/dt><\/dl><br style=\"clear: both\" \/><dl class='gallery-item'>\n\t\t\t<dt class='gallery-icon portrait'>\n\t\t\t\t<a href='https:\/\/www.randulfs-cembalo.no\/?attachment_id=260'><img loading=\"lazy\" decoding=\"async\" width=\"150\" height=\"150\" src=\"https:\/\/i0.wp.com\/www.randulfs-cembalo.no\/wp-content\/uploads\/2022\/04\/IMG_0773.jpg?resize=150%2C150&amp;ssl=1\" class=\"attachment-thumbnail size-thumbnail\" alt=\"\" srcset=\"https:\/\/i0.wp.com\/www.randulfs-cembalo.no\/wp-content\/uploads\/2022\/04\/IMG_0773.jpg?resize=150%2C150&amp;ssl=1 150w, https:\/\/i0.wp.com\/www.randulfs-cembalo.no\/wp-content\/uploads\/2022\/04\/IMG_0773.jpg?zoom=2&amp;resize=150%2C150 300w, https:\/\/i0.wp.com\/www.randulfs-cembalo.no\/wp-content\/uploads\/2022\/04\/IMG_0773.jpg?zoom=3&amp;resize=150%2C150 450w\" sizes=\"auto, (max-width: 150px) 100vw, 150px\" data-attachment-id=\"260\" data-permalink=\"https:\/\/www.randulfs-cembalo.no\/?attachment_id=260\" data-orig-file=\"https:\/\/i0.wp.com\/www.randulfs-cembalo.no\/wp-content\/uploads\/2022\/04\/IMG_0773.jpg?fit=1125%2C1500&amp;ssl=1\" data-orig-size=\"1125,1500\" data-comments-opened=\"0\" data-image-meta=\"{&quot;aperture&quot;:&quot;0&quot;,&quot;credit&quot;:&quot;&quot;,&quot;camera&quot;:&quot;&quot;,&quot;caption&quot;:&quot;&quot;,&quot;created_timestamp&quot;:&quot;0&quot;,&quot;copyright&quot;:&quot;&quot;,&quot;focal_length&quot;:&quot;0&quot;,&quot;iso&quot;:&quot;0&quot;,&quot;shutter_speed&quot;:&quot;0&quot;,&quot;title&quot;:&quot;&quot;,&quot;orientation&quot;:&quot;1&quot;}\" data-image-title=\"IMG_0773\" data-image-description=\"\" data-image-caption=\"\" data-medium-file=\"https:\/\/i0.wp.com\/www.randulfs-cembalo.no\/wp-content\/uploads\/2022\/04\/IMG_0773.jpg?fit=225%2C300&amp;ssl=1\" data-large-file=\"https:\/\/i0.wp.com\/www.randulfs-cembalo.no\/wp-content\/uploads\/2022\/04\/IMG_0773.jpg?fit=640%2C853&amp;ssl=1\" \/><\/a>\n\t\t\t<\/dt><\/dl><dl class='gallery-item'>\n\t\t\t<dt class='gallery-icon landscape'>\n\t\t\t\t<a href='https:\/\/www.randulfs-cembalo.no\/?attachment_id=259'><img loading=\"lazy\" decoding=\"async\" width=\"150\" height=\"150\" src=\"https:\/\/i0.wp.com\/www.randulfs-cembalo.no\/wp-content\/uploads\/2022\/04\/IMG_0772.jpg?resize=150%2C150&amp;ssl=1\" class=\"attachment-thumbnail size-thumbnail\" alt=\"\" srcset=\"https:\/\/i0.wp.com\/www.randulfs-cembalo.no\/wp-content\/uploads\/2022\/04\/IMG_0772.jpg?resize=150%2C150&amp;ssl=1 150w, https:\/\/i0.wp.com\/www.randulfs-cembalo.no\/wp-content\/uploads\/2022\/04\/IMG_0772.jpg?zoom=2&amp;resize=150%2C150 300w, https:\/\/i0.wp.com\/www.randulfs-cembalo.no\/wp-content\/uploads\/2022\/04\/IMG_0772.jpg?zoom=3&amp;resize=150%2C150 450w\" sizes=\"auto, (max-width: 150px) 100vw, 150px\" data-attachment-id=\"259\" data-permalink=\"https:\/\/www.randulfs-cembalo.no\/?attachment_id=259\" data-orig-file=\"https:\/\/i0.wp.com\/www.randulfs-cembalo.no\/wp-content\/uploads\/2022\/04\/IMG_0772.jpg?fit=1125%2C844&amp;ssl=1\" data-orig-size=\"1125,844\" data-comments-opened=\"0\" data-image-meta=\"{&quot;aperture&quot;:&quot;0&quot;,&quot;credit&quot;:&quot;&quot;,&quot;camera&quot;:&quot;&quot;,&quot;caption&quot;:&quot;&quot;,&quot;created_timestamp&quot;:&quot;0&quot;,&quot;copyright&quot;:&quot;&quot;,&quot;focal_length&quot;:&quot;0&quot;,&quot;iso&quot;:&quot;0&quot;,&quot;shutter_speed&quot;:&quot;0&quot;,&quot;title&quot;:&quot;&quot;,&quot;orientation&quot;:&quot;1&quot;}\" data-image-title=\"IMG_0772\" data-image-description=\"\" data-image-caption=\"\" data-medium-file=\"https:\/\/i0.wp.com\/www.randulfs-cembalo.no\/wp-content\/uploads\/2022\/04\/IMG_0772.jpg?fit=300%2C225&amp;ssl=1\" data-large-file=\"https:\/\/i0.wp.com\/www.randulfs-cembalo.no\/wp-content\/uploads\/2022\/04\/IMG_0772.jpg?fit=640%2C480&amp;ssl=1\" \/><\/a>\n\t\t\t<\/dt><\/dl><dl class='gallery-item'>\n\t\t\t<dt class='gallery-icon landscape'>\n\t\t\t\t<a href='https:\/\/www.randulfs-cembalo.no\/?attachment_id=258'><img loading=\"lazy\" decoding=\"async\" width=\"150\" height=\"150\" src=\"https:\/\/i0.wp.com\/www.randulfs-cembalo.no\/wp-content\/uploads\/2022\/04\/IMG_0771.jpg?resize=150%2C150&amp;ssl=1\" class=\"attachment-thumbnail size-thumbnail\" alt=\"\" srcset=\"https:\/\/i0.wp.com\/www.randulfs-cembalo.no\/wp-content\/uploads\/2022\/04\/IMG_0771.jpg?resize=150%2C150&amp;ssl=1 150w, https:\/\/i0.wp.com\/www.randulfs-cembalo.no\/wp-content\/uploads\/2022\/04\/IMG_0771.jpg?zoom=2&amp;resize=150%2C150 300w, https:\/\/i0.wp.com\/www.randulfs-cembalo.no\/wp-content\/uploads\/2022\/04\/IMG_0771.jpg?zoom=3&amp;resize=150%2C150 450w\" sizes=\"auto, (max-width: 150px) 100vw, 150px\" data-attachment-id=\"258\" data-permalink=\"https:\/\/www.randulfs-cembalo.no\/?attachment_id=258\" data-orig-file=\"https:\/\/i0.wp.com\/www.randulfs-cembalo.no\/wp-content\/uploads\/2022\/04\/IMG_0771.jpg?fit=1125%2C845&amp;ssl=1\" data-orig-size=\"1125,845\" data-comments-opened=\"0\" data-image-meta=\"{&quot;aperture&quot;:&quot;0&quot;,&quot;credit&quot;:&quot;&quot;,&quot;camera&quot;:&quot;&quot;,&quot;caption&quot;:&quot;&quot;,&quot;created_timestamp&quot;:&quot;0&quot;,&quot;copyright&quot;:&quot;&quot;,&quot;focal_length&quot;:&quot;0&quot;,&quot;iso&quot;:&quot;0&quot;,&quot;shutter_speed&quot;:&quot;0&quot;,&quot;title&quot;:&quot;&quot;,&quot;orientation&quot;:&quot;1&quot;}\" data-image-title=\"IMG_0771\" data-image-description=\"\" data-image-caption=\"\" data-medium-file=\"https:\/\/i0.wp.com\/www.randulfs-cembalo.no\/wp-content\/uploads\/2022\/04\/IMG_0771.jpg?fit=300%2C225&amp;ssl=1\" data-large-file=\"https:\/\/i0.wp.com\/www.randulfs-cembalo.no\/wp-content\/uploads\/2022\/04\/IMG_0771.jpg?fit=640%2C481&amp;ssl=1\" \/><\/a>\n\t\t\t<\/dt><\/dl><br style=\"clear: both\" \/>\n\t\t<\/div>\n\n<p>&nbsp;<\/p>\n<p>&nbsp;<\/p>\n","protected":false},"excerpt":{"rendered":"<p>Grunnet plassmangel ser jeg meg n\u00f8dt til \u00e5 selge dette instrumentet. Cembaloet: 2&#215;8 +L Ferdig i 2021 God tone Stabilt i stemming Trans: 440\/415 Dersom du dere er interesserte kan dere ta kontakt med meg p\u00e5 epost (randulfl@gmail.com) eller per &hellip; <a href=\"https:\/\/www.randulfs-cembalo.no\/?page_id=46\">Les videre <span class=\"meta-nav\">&rarr;<\/span><\/a><\/p>\n","protected":false},"author":1,"featured_media":0,"parent":0,"menu_order":10,"comment_status":"closed","ping_status":"closed","template":"","meta":{"ngg_post_thumbnail":0,"spay_email":"","footnotes":""},"class_list":["post-46","page","type-page","status-publish","hentry"],"jetpack_shortlink":"https:\/\/wp.me\/P9szbT-K","jetpack_sharing_enabled":true,"jetpack_likes_enabled":true,"jetpack-related-posts":[{"id":7,"url":"https:\/\/www.randulfs-cembalo.no\/?page_id=7","url_meta":{"origin":46,"position":0},"title":"Mine cembali","date":"05\/02\/2012","format":false,"excerpt":"Jeg har siden jeg var barn hatt interesse for musikkinstrumenter, og hvordan de er bygd. I 1966 flyttet jeg til Trondheim og \"oppdaget\" Ringve museum. Etter \u00e5 ha bes\u00f8kt museet en rekke ganger, og v\u00e6rt p\u00e5 mange konserter der med Ringeve kammerensemble, ble jeg klar over at cembaloet m\u00e5tte bli\u2026","rel":"","context":"Liknende innlegg","img":{"alt_text":"","src":"","width":0,"height":0},"classes":[]}],"_links":{"self":[{"href":"https:\/\/www.randulfs-cembalo.no\/index.php?rest_route=\/wp\/v2\/pages\/46","targetHints":{"allow":["GET"]}}],"collection":[{"href":"https:\/\/www.randulfs-cembalo.no\/index.php?rest_route=\/wp\/v2\/pages"}],"about":[{"href":"https:\/\/www.randulfs-cembalo.no\/index.php?rest_route=\/wp\/v2\/types\/page"}],"author":[{"embeddable":true,"href":"https:\/\/www.randulfs-cembalo.no\/index.php?rest_route=\/wp\/v2\/users\/1"}],"replies":[{"embeddable":true,"href":"https:\/\/www.randulfs-cembalo.no\/index.php?rest_route=%2Fwp%2Fv2%2Fcomments&post=46"}],"version-history":[{"count":13,"href":"https:\/\/www.randulfs-cembalo.no\/index.php?rest_route=\/wp\/v2\/pages\/46\/revisions"}],"predecessor-version":[{"id":267,"href":"https:\/\/www.randulfs-cembalo.no\/index.php?rest_route=\/wp\/v2\/pages\/46\/revisions\/267"}],"wp:attachment":[{"href":"https:\/\/www.randulfs-cembalo.no\/index.php?rest_route=%2Fwp%2Fv2%2Fmedia&parent=46"}],"curies":[{"name":"wp","href":"https:\/\/api.w.org\/{rel}","templated":true}]}}