{"id":42,"date":"2012-02-05T21:55:01","date_gmt":"2012-02-05T21:55:01","guid":{"rendered":"http:\/\/www.randulfs-cembalo.no\/wp\/?page_id=42"},"modified":"2012-02-12T14:20:13","modified_gmt":"2012-02-12T14:20:13","slug":"musikk","status":"publish","type":"page","link":"https:\/\/www.randulfs-cembalo.no\/?page_id=42","title":{"rendered":"Musikk"},"content":{"rendered":"<p>[wpfilebase tag=list tpl=table \/]<\/p>\n","protected":false},"excerpt":{"rendered":"<p>[wpfilebase tag=list tpl=table \/]<\/p>\n","protected":false},"author":1,"featured_media":0,"parent":0,"menu_order":6,"comment_status":"closed","ping_status":"closed","template":"","meta":{"ngg_post_thumbnail":0,"spay_email":"","footnotes":""},"class_list":["post-42","page","type-page","status-publish","hentry"],"jetpack_shortlink":"https:\/\/wp.me\/P9szbT-G","jetpack_sharing_enabled":true,"jetpack_likes_enabled":true,"jetpack-related-posts":[{"id":28,"url":"https:\/\/www.randulfs-cembalo.no\/?page_id=28","url_meta":{"origin":42,"position":0},"title":"Cembalo 7","date":"05\/02\/2012","format":false,"excerpt":"Cembaloet er et 2x8 L. Transponering til 415. Musikk spilt p\u00e5 dette cembaloet: [wpfilebase tag=file id=6 tpl=mp3 \/]","rel":"","context":"Liknende innlegg","img":{"alt_text":"","src":"","width":0,"height":0},"classes":[]},{"id":15,"url":"https:\/\/www.randulfs-cembalo.no\/?page_id=15","url_meta":{"origin":42,"position":1},"title":"Cembalo 4","date":"05\/02\/2012","format":false,"excerpt":"Musikk spilt p\u00e5 dette instrumentet: [wpfilebase tag=file id=1 \/]\u00a0","rel":"","context":"Liknende innlegg","img":{"alt_text":"","src":"","width":0,"height":0},"classes":[]},{"id":18,"url":"https:\/\/www.randulfs-cembalo.no\/?page_id=18","url_meta":{"origin":42,"position":2},"title":"Cembalo 5","date":"05\/02\/2012","format":false,"excerpt":"Cembalo nr. 5: 2x8 L Musikk spilt p\u00e5 dette cembaloet: [wpfilebase tag=file id=2 \/] \u00a0","rel":"","context":"Liknende innlegg","img":{"alt_text":"","src":"","width":0,"height":0},"classes":[]},{"id":7,"url":"https:\/\/www.randulfs-cembalo.no\/?page_id=7","url_meta":{"origin":42,"position":3},"title":"Mine cembali","date":"05\/02\/2012","format":false,"excerpt":"Jeg har siden jeg var barn hatt interesse for musikkinstrumenter, og hvordan de er bygd. I 1966 flyttet jeg til Trondheim og \"oppdaget\" Ringve museum. Etter \u00e5 ha bes\u00f8kt museet en rekke ganger, og v\u00e6rt p\u00e5 mange konserter der med Ringeve kammerensemble, ble jeg klar over at cembaloet m\u00e5tte bli\u2026","rel":"","context":"Liknende innlegg","img":{"alt_text":"","src":"","width":0,"height":0},"classes":[]}],"_links":{"self":[{"href":"https:\/\/www.randulfs-cembalo.no\/index.php?rest_route=\/wp\/v2\/pages\/42","targetHints":{"allow":["GET"]}}],"collection":[{"href":"https:\/\/www.randulfs-cembalo.no\/index.php?rest_route=\/wp\/v2\/pages"}],"about":[{"href":"https:\/\/www.randulfs-cembalo.no\/index.php?rest_route=\/wp\/v2\/types\/page"}],"author":[{"embeddable":true,"href":"https:\/\/www.randulfs-cembalo.no\/index.php?rest_route=\/wp\/v2\/users\/1"}],"replies":[{"embeddable":true,"href":"https:\/\/www.randulfs-cembalo.no\/index.php?rest_route=%2Fwp%2Fv2%2Fcomments&post=42"}],"version-history":[{"count":4,"href":"https:\/\/www.randulfs-cembalo.no\/index.php?rest_route=\/wp\/v2\/pages\/42\/revisions"}],"predecessor-version":[{"id":96,"href":"https:\/\/www.randulfs-cembalo.no\/index.php?rest_route=\/wp\/v2\/pages\/42\/revisions\/96"}],"wp:attachment":[{"href":"https:\/\/www.randulfs-cembalo.no\/index.php?rest_route=%2Fwp%2Fv2%2Fmedia&parent=42"}],"curies":[{"name":"wp","href":"https:\/\/api.w.org\/{rel}","templated":true}]}}