{"id":26,"date":"2012-02-05T21:22:28","date_gmt":"2012-02-05T21:22:28","guid":{"rendered":"http:\/\/www.randulfs-cembalo.no\/wp\/?page_id=26"},"modified":"2012-02-10T16:42:04","modified_gmt":"2012-02-10T16:42:04","slug":"cembalo-6","status":"publish","type":"page","link":"https:\/\/www.randulfs-cembalo.no\/?page_id=26","title":{"rendered":"Cembalo 6"},"content":{"rendered":"\n\n\t<div class='ngg-imagebrowser'\n         id='ngg-imagebrowser-c0d5c91d3d8110e6ea04914f7b6a2904-26'\n         data-nextgen-gallery-id=\"c0d5c91d3d8110e6ea04914f7b6a2904\">\n\n        <h3>&lt;Digimax S800 \/ Kenox S800&gt;<\/h3>\n\n        <div id=\"ngg-image-0\" class=\"pic\" >\n\n        <a href='https:\/\/www.randulfs-cembalo.no\/wp-content\/gallery\/cembalo06\/s8003642.jpg'\n           title=' '\n           data-src=\"https:\/\/www.randulfs-cembalo.no\/wp-content\/gallery\/cembalo06\/s8003642.jpg\"\n           data-thumbnail=\"https:\/\/www.randulfs-cembalo.no\/wp-content\/gallery\/cembalo06\/thumbs\/thumbs_s8003642.jpg\"\n           data-image-id=\"12\"\n           data-title=\"&lt;Digimax S800 \/ Kenox S800&gt;\"\n           data-description=\" \"\n           class=\"shutterset_c0d5c91d3d8110e6ea04914f7b6a2904\">\n            <img title='&lt;Digimax S800 \/ Kenox S800&gt;'\n                 alt='&lt;Digimax S800 \/ Kenox S800&gt;'\n                 src='https:\/\/www.randulfs-cembalo.no\/wp-content\/gallery\/cembalo06\/s8003642.jpg'\/>\n        <\/a>\n\n        <\/div> \n\n        <div class='ngg-imagebrowser-nav'>\n\n            <div class='back'>\n                <a class='ngg-browser-prev'\n                   id='ngg-prev-49'\n                   href='https:\/\/www.randulfs-cembalo.no\/index.php\/nggallery\/image\/chembalo6-2?page_id=26'>\n                    &#9668; Back                <\/a>\n            <\/div>\n\n            <div class='next'>\n                <a class='ngg-browser-next'\n                   id='ngg-next-13'\n                   href='https:\/\/www.randulfs-cembalo.no\/index.php\/nggallery\/image\/s8003643?page_id=26'>\n                    Next                    &#9658;\n                <\/a>\n            <\/div>\n\n            <div class='counter'>\n                Picture                1                of                8            <\/div>\n\n            <div class='ngg-imagebrowser-desc'>\n                <p> <\/p>\n            <\/div>\n\n        <\/div>\n    <\/div>\n\n\n<p>Cembalo nr.6: Cembaloet har kun en 8-fotstemme. Jeg har det heime i stua som husinstrument.<\/p>\n<p>&nbsp;<\/p>\n","protected":false},"excerpt":{"rendered":"<p>Cembalo nr.6: Cembaloet har kun en 8-fotstemme. Jeg har det heime i stua som husinstrument. &nbsp;<\/p>\n","protected":false},"author":1,"featured_media":0,"parent":7,"menu_order":6,"comment_status":"closed","ping_status":"open","template":"","meta":{"ngg_post_thumbnail":0,"spay_email":"","footnotes":""},"class_list":["post-26","page","type-page","status-publish","hentry"],"jetpack_shortlink":"https:\/\/wp.me\/P9szbT-q","jetpack_sharing_enabled":true,"jetpack_likes_enabled":true,"jetpack-related-posts":[{"id":7,"url":"https:\/\/www.randulfs-cembalo.no\/?page_id=7","url_meta":{"origin":26,"position":0},"title":"Mine cembali","date":"05\/02\/2012","format":false,"excerpt":"Jeg har siden jeg var barn hatt interesse for musikkinstrumenter, og hvordan de er bygd. I 1966 flyttet jeg til Trondheim og \"oppdaget\" Ringve museum. Etter \u00e5 ha bes\u00f8kt museet en rekke ganger, og v\u00e6rt p\u00e5 mange konserter der med Ringeve kammerensemble, ble jeg klar over at cembaloet m\u00e5tte bli\u2026","rel":"","context":"Liknende innlegg","img":{"alt_text":"","src":"","width":0,"height":0},"classes":[]},{"id":11,"url":"https:\/\/www.randulfs-cembalo.no\/?page_id=11","url_meta":{"origin":26,"position":1},"title":"Cembalo 2","date":"05\/02\/2012","format":false,"excerpt":"Nr.2 ble et 2-manuals instrument med to 8-fot og en 4-fotstemme. Det st\u00e5r n\u00e5 i Selbu kirke. \u00a0","rel":"","context":"Liknende innlegg","img":{"alt_text":"","src":"","width":0,"height":0},"classes":[]},{"id":28,"url":"https:\/\/www.randulfs-cembalo.no\/?page_id=28","url_meta":{"origin":26,"position":2},"title":"Cembalo 7","date":"05\/02\/2012","format":false,"excerpt":"Cembaloet er et 2x8 L. Transponering til 415. Musikk spilt p\u00e5 dette cembaloet: [wpfilebase tag=file id=6 tpl=mp3 \/]","rel":"","context":"Liknende innlegg","img":{"alt_text":"","src":"","width":0,"height":0},"classes":[]},{"id":18,"url":"https:\/\/www.randulfs-cembalo.no\/?page_id=18","url_meta":{"origin":26,"position":3},"title":"Cembalo 5","date":"05\/02\/2012","format":false,"excerpt":"Cembalo nr. 5: 2x8 L Musikk spilt p\u00e5 dette cembaloet: [wpfilebase tag=file id=2 \/] \u00a0","rel":"","context":"Liknende innlegg","img":{"alt_text":"","src":"","width":0,"height":0},"classes":[]},{"id":46,"url":"https:\/\/www.randulfs-cembalo.no\/?page_id=46","url_meta":{"origin":26,"position":4},"title":"Cembalo selges","date":"09\/02\/2012","format":false,"excerpt":"Grunnet plassmangel ser jeg meg n\u00f8dt til \u00e5 selge dette instrumentet. Cembaloet: 2x8 +L Ferdig i 2021 God tone Stabilt i stemming Trans: 440\/415 Dersom du dere er interesserte kan dere ta kontakt med meg p\u00e5 epost (randulfl@gmail.com) eller per telefon: +4792649117.\u00a0 \u00a0 \u00a0","rel":"","context":"Liknende innlegg","img":{"alt_text":"","src":"https:\/\/i0.wp.com\/www.randulfs-cembalo.no\/wp-content\/uploads\/2022\/04\/IMG_0775.jpg?resize=350%2C200","width":350,"height":200},"classes":[]},{"id":2,"url":"https:\/\/www.randulfs-cembalo.no\/","url_meta":{"origin":26,"position":5},"title":"Hovedside","date":"05\/02\/2012","format":false,"excerpt":"Randulf Larsen Skj\u00e6rseth har i over 40 \u00e5r bygd cembalo. Instrumentene bygges etter de prinsippene som gjaldt for cembalobygging i cembaloets glanstid, barokken. I bildegalleriet nedenfor kan du se detaljer fra instrumentenes utseende. \" order_by=\"sortorder\" order_direction=\"ASC\" returns=\"included\" maximum_entity_count=\"500\"] \u00a0","rel":"","context":"Liknende innlegg","img":{"alt_text":"","src":"","width":0,"height":0},"classes":[]}],"_links":{"self":[{"href":"https:\/\/www.randulfs-cembalo.no\/index.php?rest_route=\/wp\/v2\/pages\/26","targetHints":{"allow":["GET"]}}],"collection":[{"href":"https:\/\/www.randulfs-cembalo.no\/index.php?rest_route=\/wp\/v2\/pages"}],"about":[{"href":"https:\/\/www.randulfs-cembalo.no\/index.php?rest_route=\/wp\/v2\/types\/page"}],"author":[{"embeddable":true,"href":"https:\/\/www.randulfs-cembalo.no\/index.php?rest_route=\/wp\/v2\/users\/1"}],"replies":[{"embeddable":true,"href":"https:\/\/www.randulfs-cembalo.no\/index.php?rest_route=%2Fwp%2Fv2%2Fcomments&post=26"}],"version-history":[{"count":6,"href":"https:\/\/www.randulfs-cembalo.no\/index.php?rest_route=\/wp\/v2\/pages\/26\/revisions"}],"predecessor-version":[{"id":92,"href":"https:\/\/www.randulfs-cembalo.no\/index.php?rest_route=\/wp\/v2\/pages\/26\/revisions\/92"}],"up":[{"embeddable":true,"href":"https:\/\/www.randulfs-cembalo.no\/index.php?rest_route=\/wp\/v2\/pages\/7"}],"wp:attachment":[{"href":"https:\/\/www.randulfs-cembalo.no\/index.php?rest_route=%2Fwp%2Fv2%2Fmedia&parent=26"}],"curies":[{"name":"wp","href":"https:\/\/api.w.org\/{rel}","templated":true}]}}