{"id":152,"date":"2015-03-16T22:11:27","date_gmt":"2015-03-16T22:11:27","guid":{"rendered":"http:\/\/www.randulfs-cembalo.no\/wp\/?page_id=152"},"modified":"2015-04-13T20:12:08","modified_gmt":"2015-04-13T20:12:08","slug":"cembalo-8","status":"publish","type":"page","link":"https:\/\/www.randulfs-cembalo.no\/?page_id=152","title":{"rendered":"Cembalo 8"},"content":{"rendered":"<p>Mitt nyeste cembalo ble ferdigbygget i 2014. Cembaloet er n\u00e5 til salgs. Ta kontakt p\u00e5 92649117 eller send epost.<\/p>\n<p>Cembaloet er et 2\u00d78 + L. Transponering til 415.<\/p>\n<p><span class=\"embed-youtube\" style=\"text-align:center; display: block;\"><iframe loading=\"lazy\" class=\"youtube-player\" width=\"640\" height=\"360\" src=\"https:\/\/www.youtube.com\/embed\/iv1BfuEeLqk?version=3&#038;rel=1&#038;showsearch=0&#038;showinfo=1&#038;iv_load_policy=1&#038;fs=1&#038;hl=nb-NO&#038;autohide=2&#038;wmode=transparent\" allowfullscreen=\"true\" style=\"border:0;\" sandbox=\"allow-scripts allow-same-origin allow-popups allow-presentation\"><\/iframe><\/span><\/p>\n<p>Bilder av instrumentet\/pictures of the instrument:<\/p>\n<p><!-- index.php -->\n<div\n\tclass=\"ngg-galleryoverview ngg-ajax-pagination-none\"\n\tid=\"ngg-gallery-189-1\">\n\n    \t<div class=\"slideshowlink\">\n        <a href='https:\/\/www.randulfs-cembalo.no\/index.php\/nggallery\/slideshow?page_id=152'>[Show as slideshow]<\/a>\n\t\t\n\t<\/div>\n\t\t\t<!-- Thumbnails -->\n\t\t\t\t<div id=\"ngg-image-0\" class=\"ngg-gallery-thumbnail-box\" >\n\t\t\t\t        <div class=\"ngg-gallery-thumbnail\">\n            <a href=\"https:\/\/www.randulfs-cembalo.no\/wp-content\/gallery\/cembalo-8\/cemb_7.PNG\"\n               title=\"\"\n               data-src=\"https:\/\/www.randulfs-cembalo.no\/wp-content\/gallery\/cembalo-8\/cemb_7.PNG\"\n               data-thumbnail=\"https:\/\/www.randulfs-cembalo.no\/wp-content\/gallery\/cembalo-8\/thumbs\/thumbs_cemb_7.PNG\"\n               data-image-id=\"50\"\n               data-title=\"cemb_7.PNG\"\n               data-description=\"\"\n               data-image-slug=\"cemb_7-png\"\n               class=\"shutterset_189\">\n                <img\n                    title=\"cemb_7.PNG\"\n                    alt=\"cemb_7.PNG\"\n                    src=\"https:\/\/www.randulfs-cembalo.no\/wp-content\/gallery\/cembalo-8\/thumbs\/thumbs_cemb_7.PNG\"\n                    width=\"100\"\n                    height=\"75\"\n                    style=\"max-width:100%;\"\n                \/>\n            <\/a>\n        <\/div>\n\t\t\t\t\t\t\t<\/div> \n\t\t\t\n        \n\t\t\t\t<div id=\"ngg-image-1\" class=\"ngg-gallery-thumbnail-box\" >\n\t\t\t\t        <div class=\"ngg-gallery-thumbnail\">\n            <a href=\"https:\/\/www.randulfs-cembalo.no\/wp-content\/gallery\/cembalo-8\/cemb_6.PNG\"\n               title=\"\"\n               data-src=\"https:\/\/www.randulfs-cembalo.no\/wp-content\/gallery\/cembalo-8\/cemb_6.PNG\"\n               data-thumbnail=\"https:\/\/www.randulfs-cembalo.no\/wp-content\/gallery\/cembalo-8\/thumbs\/thumbs_cemb_6.PNG\"\n               data-image-id=\"51\"\n               data-title=\"cemb_6.PNG\"\n               data-description=\"\"\n               data-image-slug=\"cemb_6-png\"\n               class=\"shutterset_189\">\n                <img\n                    title=\"cemb_6.PNG\"\n                    alt=\"cemb_6.PNG\"\n                    src=\"https:\/\/www.randulfs-cembalo.no\/wp-content\/gallery\/cembalo-8\/thumbs\/thumbs_cemb_6.PNG\"\n                    width=\"100\"\n                    height=\"75\"\n                    style=\"max-width:100%;\"\n                \/>\n            <\/a>\n        <\/div>\n\t\t\t\t\t\t\t<\/div> \n\t\t\t\n        \n\t\t\t\t<div id=\"ngg-image-2\" class=\"ngg-gallery-thumbnail-box\" >\n\t\t\t\t        <div class=\"ngg-gallery-thumbnail\">\n            <a href=\"https:\/\/www.randulfs-cembalo.no\/wp-content\/gallery\/cembalo-8\/cemb_5.PNG\"\n               title=\"\"\n               data-src=\"https:\/\/www.randulfs-cembalo.no\/wp-content\/gallery\/cembalo-8\/cemb_5.PNG\"\n               data-thumbnail=\"https:\/\/www.randulfs-cembalo.no\/wp-content\/gallery\/cembalo-8\/thumbs\/thumbs_cemb_5.PNG\"\n               data-image-id=\"52\"\n               data-title=\"cemb_5.PNG\"\n               data-description=\"\"\n               data-image-slug=\"cemb_5-png\"\n               class=\"shutterset_189\">\n                <img\n                    title=\"cemb_5.PNG\"\n                    alt=\"cemb_5.PNG\"\n                    src=\"https:\/\/www.randulfs-cembalo.no\/wp-content\/gallery\/cembalo-8\/thumbs\/thumbs_cemb_5.PNG\"\n                    width=\"100\"\n                    height=\"75\"\n                    style=\"max-width:100%;\"\n                \/>\n            <\/a>\n        <\/div>\n\t\t\t\t\t\t\t<\/div> \n\t\t\t\n        \n\t\t\t\t<div id=\"ngg-image-3\" class=\"ngg-gallery-thumbnail-box\" >\n\t\t\t\t        <div class=\"ngg-gallery-thumbnail\">\n            <a href=\"https:\/\/www.randulfs-cembalo.no\/wp-content\/gallery\/cembalo-8\/cemb_4.PNG\"\n               title=\"\"\n               data-src=\"https:\/\/www.randulfs-cembalo.no\/wp-content\/gallery\/cembalo-8\/cemb_4.PNG\"\n               data-thumbnail=\"https:\/\/www.randulfs-cembalo.no\/wp-content\/gallery\/cembalo-8\/thumbs\/thumbs_cemb_4.PNG\"\n               data-image-id=\"53\"\n               data-title=\"cemb_4.PNG\"\n               data-description=\"\"\n               data-image-slug=\"cemb_4-png\"\n               class=\"shutterset_189\">\n                <img\n                    title=\"cemb_4.PNG\"\n                    alt=\"cemb_4.PNG\"\n                    src=\"https:\/\/www.randulfs-cembalo.no\/wp-content\/gallery\/cembalo-8\/thumbs\/thumbs_cemb_4.PNG\"\n                    width=\"100\"\n                    height=\"75\"\n                    style=\"max-width:100%;\"\n                \/>\n            <\/a>\n        <\/div>\n\t\t\t\t\t\t\t<\/div> \n\t\t\t\n        \n\t\t\t\t<div id=\"ngg-image-4\" class=\"ngg-gallery-thumbnail-box\" >\n\t\t\t\t        <div class=\"ngg-gallery-thumbnail\">\n            <a href=\"https:\/\/www.randulfs-cembalo.no\/wp-content\/gallery\/cembalo-8\/cemb_3.PNG\"\n               title=\"\"\n               data-src=\"https:\/\/www.randulfs-cembalo.no\/wp-content\/gallery\/cembalo-8\/cemb_3.PNG\"\n               data-thumbnail=\"https:\/\/www.randulfs-cembalo.no\/wp-content\/gallery\/cembalo-8\/thumbs\/thumbs_cemb_3.PNG\"\n               data-image-id=\"54\"\n               data-title=\"cemb_3.PNG\"\n               data-description=\"\"\n               data-image-slug=\"cemb_3-png\"\n               class=\"shutterset_189\">\n                <img\n                    title=\"cemb_3.PNG\"\n                    alt=\"cemb_3.PNG\"\n                    src=\"https:\/\/www.randulfs-cembalo.no\/wp-content\/gallery\/cembalo-8\/thumbs\/thumbs_cemb_3.PNG\"\n                    width=\"100\"\n                    height=\"75\"\n                    style=\"max-width:100%;\"\n                \/>\n            <\/a>\n        <\/div>\n\t\t\t\t\t\t\t<\/div> \n\t\t\t\n        \n\t\t\t\t<div id=\"ngg-image-5\" class=\"ngg-gallery-thumbnail-box\" >\n\t\t\t\t        <div class=\"ngg-gallery-thumbnail\">\n            <a href=\"https:\/\/www.randulfs-cembalo.no\/wp-content\/gallery\/cembalo-8\/cemb_2.PNG\"\n               title=\"\"\n               data-src=\"https:\/\/www.randulfs-cembalo.no\/wp-content\/gallery\/cembalo-8\/cemb_2.PNG\"\n               data-thumbnail=\"https:\/\/www.randulfs-cembalo.no\/wp-content\/gallery\/cembalo-8\/thumbs\/thumbs_cemb_2.PNG\"\n               data-image-id=\"55\"\n               data-title=\"cemb_2.PNG\"\n               data-description=\"\"\n               data-image-slug=\"cemb_2-png\"\n               class=\"shutterset_189\">\n                <img\n                    title=\"cemb_2.PNG\"\n                    alt=\"cemb_2.PNG\"\n                    src=\"https:\/\/www.randulfs-cembalo.no\/wp-content\/gallery\/cembalo-8\/thumbs\/thumbs_cemb_2.PNG\"\n                    width=\"100\"\n                    height=\"75\"\n                    style=\"max-width:100%;\"\n                \/>\n            <\/a>\n        <\/div>\n\t\t\t\t\t\t\t<\/div> \n\t\t\t\n        \n\t\t\t\t<div id=\"ngg-image-6\" class=\"ngg-gallery-thumbnail-box\" >\n\t\t\t\t        <div class=\"ngg-gallery-thumbnail\">\n            <a href=\"https:\/\/www.randulfs-cembalo.no\/wp-content\/gallery\/cembalo-8\/cemb_1.PNG\"\n               title=\"\"\n               data-src=\"https:\/\/www.randulfs-cembalo.no\/wp-content\/gallery\/cembalo-8\/cemb_1.PNG\"\n               data-thumbnail=\"https:\/\/www.randulfs-cembalo.no\/wp-content\/gallery\/cembalo-8\/thumbs\/thumbs_cemb_1.PNG\"\n               data-image-id=\"56\"\n               data-title=\"cemb_1.PNG\"\n               data-description=\"\"\n               data-image-slug=\"cemb_1-png\"\n               class=\"shutterset_189\">\n                <img\n                    title=\"cemb_1.PNG\"\n                    alt=\"cemb_1.PNG\"\n                    src=\"https:\/\/www.randulfs-cembalo.no\/wp-content\/gallery\/cembalo-8\/thumbs\/thumbs_cemb_1.PNG\"\n                    width=\"100\"\n                    height=\"75\"\n                    style=\"max-width:100%;\"\n                \/>\n            <\/a>\n        <\/div>\n\t\t\t\t\t\t\t<\/div> \n\t\t\t\n        \n\t\t\n\t\t<!-- Pagination -->\n\t<div class='ngg-clear'><\/div>\t<\/div>\n<\/p>\n","protected":false},"excerpt":{"rendered":"<p>Mitt nyeste cembalo ble ferdigbygget i 2014. Cembaloet er n\u00e5 til salgs. Ta kontakt p\u00e5 92649117 eller send epost. Cembaloet er et 2\u00d78 + L. Transponering til 415. Bilder av instrumentet\/pictures of the instrument: [Show as slideshow]<\/p>\n","protected":false},"author":1,"featured_media":0,"parent":7,"menu_order":8,"comment_status":"closed","ping_status":"closed","template":"","meta":{"ngg_post_thumbnail":0,"spay_email":"","footnotes":""},"class_list":["post-152","page","type-page","status-publish","hentry"],"jetpack_shortlink":"https:\/\/wp.me\/P9szbT-2s","jetpack_sharing_enabled":true,"jetpack_likes_enabled":true,"jetpack-related-posts":[{"id":28,"url":"https:\/\/www.randulfs-cembalo.no\/?page_id=28","url_meta":{"origin":152,"position":0},"title":"Cembalo 7","date":"05\/02\/2012","format":false,"excerpt":"Cembaloet er et 2x8 L. Transponering til 415. Musikk spilt p\u00e5 dette cembaloet: [wpfilebase tag=file id=6 tpl=mp3 \/]","rel":"","context":"Liknende innlegg","img":{"alt_text":"","src":"","width":0,"height":0},"classes":[]},{"id":46,"url":"https:\/\/www.randulfs-cembalo.no\/?page_id=46","url_meta":{"origin":152,"position":1},"title":"Cembalo selges","date":"09\/02\/2012","format":false,"excerpt":"Grunnet plassmangel ser jeg meg n\u00f8dt til \u00e5 selge dette instrumentet. Cembaloet: 2x8 +L Ferdig i 2021 God tone Stabilt i stemming Trans: 440\/415 Dersom du dere er interesserte kan dere ta kontakt med meg p\u00e5 epost (randulfl@gmail.com) eller per telefon: +4792649117.\u00a0 \u00a0 \u00a0","rel":"","context":"Liknende innlegg","img":{"alt_text":"","src":"https:\/\/i0.wp.com\/www.randulfs-cembalo.no\/wp-content\/uploads\/2022\/04\/IMG_0775.jpg?resize=350%2C200","width":350,"height":200},"classes":[]},{"id":26,"url":"https:\/\/www.randulfs-cembalo.no\/?page_id=26","url_meta":{"origin":152,"position":2},"title":"Cembalo 6","date":"05\/02\/2012","format":false,"excerpt":"Cembalo nr.6: Cembaloet har kun en 8-fotstemme. Jeg har det heime i stua som husinstrument. \u00a0","rel":"","context":"Liknende innlegg","img":{"alt_text":"","src":"","width":0,"height":0},"classes":[]},{"id":18,"url":"https:\/\/www.randulfs-cembalo.no\/?page_id=18","url_meta":{"origin":152,"position":3},"title":"Cembalo 5","date":"05\/02\/2012","format":false,"excerpt":"Cembalo nr. 5: 2x8 L Musikk spilt p\u00e5 dette cembaloet: [wpfilebase tag=file id=2 \/] \u00a0","rel":"","context":"Liknende innlegg","img":{"alt_text":"","src":"","width":0,"height":0},"classes":[]},{"id":7,"url":"https:\/\/www.randulfs-cembalo.no\/?page_id=7","url_meta":{"origin":152,"position":4},"title":"Mine cembali","date":"05\/02\/2012","format":false,"excerpt":"Jeg har siden jeg var barn hatt interesse for musikkinstrumenter, og hvordan de er bygd. I 1966 flyttet jeg til Trondheim og \"oppdaget\" Ringve museum. Etter \u00e5 ha bes\u00f8kt museet en rekke ganger, og v\u00e6rt p\u00e5 mange konserter der med Ringeve kammerensemble, ble jeg klar over at cembaloet m\u00e5tte bli\u2026","rel":"","context":"Liknende innlegg","img":{"alt_text":"","src":"","width":0,"height":0},"classes":[]},{"id":9,"url":"https:\/\/www.randulfs-cembalo.no\/?page_id=9","url_meta":{"origin":152,"position":5},"title":"Cembalo 1","date":"05\/02\/2012","format":false,"excerpt":"Dette var et enmanuals cembalo med med en 8-fotstemme og en 4-fot.","rel":"","context":"Liknende innlegg","img":{"alt_text":"","src":"","width":0,"height":0},"classes":[]}],"_links":{"self":[{"href":"https:\/\/www.randulfs-cembalo.no\/index.php?rest_route=\/wp\/v2\/pages\/152","targetHints":{"allow":["GET"]}}],"collection":[{"href":"https:\/\/www.randulfs-cembalo.no\/index.php?rest_route=\/wp\/v2\/pages"}],"about":[{"href":"https:\/\/www.randulfs-cembalo.no\/index.php?rest_route=\/wp\/v2\/types\/page"}],"author":[{"embeddable":true,"href":"https:\/\/www.randulfs-cembalo.no\/index.php?rest_route=\/wp\/v2\/users\/1"}],"replies":[{"embeddable":true,"href":"https:\/\/www.randulfs-cembalo.no\/index.php?rest_route=%2Fwp%2Fv2%2Fcomments&post=152"}],"version-history":[{"count":5,"href":"https:\/\/www.randulfs-cembalo.no\/index.php?rest_route=\/wp\/v2\/pages\/152\/revisions"}],"predecessor-version":[{"id":191,"href":"https:\/\/www.randulfs-cembalo.no\/index.php?rest_route=\/wp\/v2\/pages\/152\/revisions\/191"}],"up":[{"embeddable":true,"href":"https:\/\/www.randulfs-cembalo.no\/index.php?rest_route=\/wp\/v2\/pages\/7"}],"wp:attachment":[{"href":"https:\/\/www.randulfs-cembalo.no\/index.php?rest_route=%2Fwp%2Fv2%2Fmedia&parent=152"}],"curies":[{"name":"wp","href":"https:\/\/api.w.org\/{rel}","templated":true}]}}