{"id":15,"date":"2012-02-05T21:15:31","date_gmt":"2012-02-05T21:15:31","guid":{"rendered":"http:\/\/www.randulfs-cembalo.no\/wp\/?page_id=15"},"modified":"2017-12-10T15:47:08","modified_gmt":"2017-12-10T15:47:08","slug":"cembalo-4","status":"publish","type":"page","link":"https:\/\/www.randulfs-cembalo.no\/?page_id=15","title":{"rendered":"Cembalo 4"},"content":{"rendered":"\n\n\t<div class='ngg-imagebrowser'\n         id='ngg-imagebrowser-b6386b5f44e41ebe03452f4f78cdd896-15'\n         data-nextgen-gallery-id=\"b6386b5f44e41ebe03452f4f78cdd896\">\n\n        <h3>chembalo4_1<\/h3>\n\n        <div id=\"ngg-image-0\" class=\"pic\" >\n\n        <a href='https:\/\/www.randulfs-cembalo.no\/wp-content\/gallery\/cembalo04\/chembalo4_1.png'\n           title=' '\n           data-src=\"https:\/\/www.randulfs-cembalo.no\/wp-content\/gallery\/cembalo04\/chembalo4_1.png\"\n           data-thumbnail=\"https:\/\/www.randulfs-cembalo.no\/wp-content\/gallery\/cembalo04\/thumbs\/thumbs_chembalo4_1.png\"\n           data-image-id=\"45\"\n           data-title=\"chembalo4_1\"\n           data-description=\" \"\n           class=\"shutterset_b6386b5f44e41ebe03452f4f78cdd896\">\n            <img title='chembalo4_1'\n                 alt='chembalo4_1'\n                 src='https:\/\/www.randulfs-cembalo.no\/wp-content\/gallery\/cembalo04\/chembalo4_1.png'\/>\n        <\/a>\n\n        <\/div> \n\n        <div class='ngg-imagebrowser-nav'>\n\n            <div class='back'>\n                <a class='ngg-browser-prev'\n                   id='ngg-prev-46'\n                   href='https:\/\/www.randulfs-cembalo.no\/index.php\/nggallery\/image\/chembalo4_2?page_id=15'>\n                    &#9668; Back                <\/a>\n            <\/div>\n\n            <div class='next'>\n                <a class='ngg-browser-next'\n                   id='ngg-next-46'\n                   href='https:\/\/www.randulfs-cembalo.no\/index.php\/nggallery\/image\/chembalo4_2?page_id=15'>\n                    Next                    &#9658;\n                <\/a>\n            <\/div>\n\n            <div class='counter'>\n                Picture                1                of                2            <\/div>\n\n            <div class='ngg-imagebrowser-desc'>\n                <p> <\/p>\n            <\/div>\n\n        <\/div>\n    <\/div>\n\n\n<p>Musikk spilt p\u00e5 dette instrumentet:<\/p>\n<p>[wpfilebase tag=file id=1 \/]&nbsp;<\/p>\n","protected":false},"excerpt":{"rendered":"<p>Musikk spilt p\u00e5 dette instrumentet: [wpfilebase tag=file id=1 \/]&nbsp;<\/p>\n","protected":false},"author":1,"featured_media":0,"parent":7,"menu_order":4,"comment_status":"closed","ping_status":"open","template":"","meta":{"ngg_post_thumbnail":0,"spay_email":"","footnotes":""},"class_list":["post-15","page","type-page","status-publish","hentry"],"jetpack_shortlink":"https:\/\/wp.me\/P9szbT-f","jetpack_sharing_enabled":true,"jetpack_likes_enabled":true,"jetpack-related-posts":[{"id":18,"url":"https:\/\/www.randulfs-cembalo.no\/?page_id=18","url_meta":{"origin":15,"position":0},"title":"Cembalo 5","date":"05\/02\/2012","format":false,"excerpt":"Cembalo nr. 5: 2x8 L Musikk spilt p\u00e5 dette cembaloet: [wpfilebase tag=file id=2 \/] \u00a0","rel":"","context":"Liknende innlegg","img":{"alt_text":"","src":"","width":0,"height":0},"classes":[]},{"id":28,"url":"https:\/\/www.randulfs-cembalo.no\/?page_id=28","url_meta":{"origin":15,"position":1},"title":"Cembalo 7","date":"05\/02\/2012","format":false,"excerpt":"Cembaloet er et 2x8 L. Transponering til 415. Musikk spilt p\u00e5 dette cembaloet: [wpfilebase tag=file id=6 tpl=mp3 \/]","rel":"","context":"Liknende innlegg","img":{"alt_text":"","src":"","width":0,"height":0},"classes":[]},{"id":7,"url":"https:\/\/www.randulfs-cembalo.no\/?page_id=7","url_meta":{"origin":15,"position":2},"title":"Mine cembali","date":"05\/02\/2012","format":false,"excerpt":"Jeg har siden jeg var barn hatt interesse for musikkinstrumenter, og hvordan de er bygd. I 1966 flyttet jeg til Trondheim og \"oppdaget\" Ringve museum. Etter \u00e5 ha bes\u00f8kt museet en rekke ganger, og v\u00e6rt p\u00e5 mange konserter der med Ringeve kammerensemble, ble jeg klar over at cembaloet m\u00e5tte bli\u2026","rel":"","context":"Liknende innlegg","img":{"alt_text":"","src":"","width":0,"height":0},"classes":[]},{"id":42,"url":"https:\/\/www.randulfs-cembalo.no\/?page_id=42","url_meta":{"origin":15,"position":3},"title":"Musikk","date":"05\/02\/2012","format":false,"excerpt":"[wpfilebase tag=list tpl=table \/]","rel":"","context":"Liknende innlegg","img":{"alt_text":"","src":"","width":0,"height":0},"classes":[]},{"id":46,"url":"https:\/\/www.randulfs-cembalo.no\/?page_id=46","url_meta":{"origin":15,"position":4},"title":"Cembalo selges","date":"09\/02\/2012","format":false,"excerpt":"Grunnet plassmangel ser jeg meg n\u00f8dt til \u00e5 selge dette instrumentet. Cembaloet: 2x8 +L Ferdig i 2021 God tone Stabilt i stemming Trans: 440\/415 Dersom du dere er interesserte kan dere ta kontakt med meg p\u00e5 epost (randulfl@gmail.com) eller per telefon: +4792649117.\u00a0 \u00a0 \u00a0","rel":"","context":"Liknende innlegg","img":{"alt_text":"","src":"https:\/\/i0.wp.com\/www.randulfs-cembalo.no\/wp-content\/uploads\/2022\/04\/IMG_0775.jpg?resize=350%2C200","width":350,"height":200},"classes":[]},{"id":11,"url":"https:\/\/www.randulfs-cembalo.no\/?page_id=11","url_meta":{"origin":15,"position":5},"title":"Cembalo 2","date":"05\/02\/2012","format":false,"excerpt":"Nr.2 ble et 2-manuals instrument med to 8-fot og en 4-fotstemme. Det st\u00e5r n\u00e5 i Selbu kirke. \u00a0","rel":"","context":"Liknende innlegg","img":{"alt_text":"","src":"","width":0,"height":0},"classes":[]}],"_links":{"self":[{"href":"https:\/\/www.randulfs-cembalo.no\/index.php?rest_route=\/wp\/v2\/pages\/15","targetHints":{"allow":["GET"]}}],"collection":[{"href":"https:\/\/www.randulfs-cembalo.no\/index.php?rest_route=\/wp\/v2\/pages"}],"about":[{"href":"https:\/\/www.randulfs-cembalo.no\/index.php?rest_route=\/wp\/v2\/types\/page"}],"author":[{"embeddable":true,"href":"https:\/\/www.randulfs-cembalo.no\/index.php?rest_route=\/wp\/v2\/users\/1"}],"replies":[{"embeddable":true,"href":"https:\/\/www.randulfs-cembalo.no\/index.php?rest_route=%2Fwp%2Fv2%2Fcomments&post=15"}],"version-history":[{"count":7,"href":"https:\/\/www.randulfs-cembalo.no\/index.php?rest_route=\/wp\/v2\/pages\/15\/revisions"}],"predecessor-version":[{"id":229,"href":"https:\/\/www.randulfs-cembalo.no\/index.php?rest_route=\/wp\/v2\/pages\/15\/revisions\/229"}],"up":[{"embeddable":true,"href":"https:\/\/www.randulfs-cembalo.no\/index.php?rest_route=\/wp\/v2\/pages\/7"}],"wp:attachment":[{"href":"https:\/\/www.randulfs-cembalo.no\/index.php?rest_route=%2Fwp%2Fv2%2Fmedia&parent=15"}],"curies":[{"name":"wp","href":"https:\/\/api.w.org\/{rel}","templated":true}]}}