{"id":11,"date":"2012-02-05T21:14:40","date_gmt":"2012-02-05T21:14:40","guid":{"rendered":"http:\/\/www.randulfs-cembalo.no\/wp\/?page_id=11"},"modified":"2012-02-12T14:02:19","modified_gmt":"2012-02-12T14:02:19","slug":"cembalo-2","status":"publish","type":"page","link":"https:\/\/www.randulfs-cembalo.no\/?page_id=11","title":{"rendered":"Cembalo 2"},"content":{"rendered":"<p>Nr.2 ble et 2-manuals instrument med to 8-fot og en 4-fotstemme. Det st\u00e5r n\u00e5 i Selbu kirke.<\/p>\n\n\n\t<div class='ngg-imagebrowser'\n         id='ngg-imagebrowser-02ae9091c22c4e19f1b307ff13142752-11'\n         data-nextgen-gallery-id=\"02ae9091c22c4e19f1b307ff13142752\">\n\n        <h3>chembalo2<\/h3>\n\n        <div id=\"ngg-image-0\" class=\"pic\" >\n\n        <a href='https:\/\/www.randulfs-cembalo.no\/wp-content\/gallery\/cembalo02\/chembalo2.png'\n           title=' '\n           data-src=\"https:\/\/www.randulfs-cembalo.no\/wp-content\/gallery\/cembalo02\/chembalo2.png\"\n           data-thumbnail=\"https:\/\/www.randulfs-cembalo.no\/wp-content\/gallery\/cembalo02\/thumbs\/thumbs_chembalo2.png\"\n           data-image-id=\"43\"\n           data-title=\"chembalo2\"\n           data-description=\" \"\n           class=\"shutterset_02ae9091c22c4e19f1b307ff13142752\">\n            <img title='chembalo2'\n                 alt='chembalo2'\n                 src='https:\/\/www.randulfs-cembalo.no\/wp-content\/gallery\/cembalo02\/chembalo2.png'\/>\n        <\/a>\n\n        <\/div> \n\n        <div class='ngg-imagebrowser-nav'>\n\n            <div class='back'>\n                <a class='ngg-browser-prev'\n                   id='ngg-prev-43'\n                   href='https:\/\/www.randulfs-cembalo.no\/index.php\/nggallery\/image\/chembalo2?page_id=11'>\n                    &#9668; Back                <\/a>\n            <\/div>\n\n            <div class='next'>\n                <a class='ngg-browser-next'\n                   id='ngg-next-43'\n                   href='https:\/\/www.randulfs-cembalo.no\/index.php\/nggallery\/image\/chembalo2?page_id=11'>\n                    Next                    &#9658;\n                <\/a>\n            <\/div>\n\n            <div class='counter'>\n                Picture                1                of                1            <\/div>\n\n            <div class='ngg-imagebrowser-desc'>\n                <p> <\/p>\n            <\/div>\n\n        <\/div>\n    <\/div>\n\n\n<p>&nbsp;<\/p>\n","protected":false},"excerpt":{"rendered":"<p>Nr.2 ble et 2-manuals instrument med to 8-fot og en 4-fotstemme. Det st\u00e5r n\u00e5 i Selbu kirke. &nbsp;<\/p>\n","protected":false},"author":1,"featured_media":0,"parent":7,"menu_order":2,"comment_status":"closed","ping_status":"open","template":"","meta":{"ngg_post_thumbnail":0,"spay_email":"","footnotes":""},"class_list":["post-11","page","type-page","status-publish","hentry"],"jetpack_shortlink":"https:\/\/wp.me\/P9szbT-b","jetpack_sharing_enabled":true,"jetpack_likes_enabled":true,"jetpack-related-posts":[{"id":7,"url":"https:\/\/www.randulfs-cembalo.no\/?page_id=7","url_meta":{"origin":11,"position":0},"title":"Mine cembali","date":"05\/02\/2012","format":false,"excerpt":"Jeg har siden jeg var barn hatt interesse for musikkinstrumenter, og hvordan de er bygd. I 1966 flyttet jeg til Trondheim og \"oppdaget\" Ringve museum. Etter \u00e5 ha bes\u00f8kt museet en rekke ganger, og v\u00e6rt p\u00e5 mange konserter der med Ringeve kammerensemble, ble jeg klar over at cembaloet m\u00e5tte bli\u2026","rel":"","context":"Liknende innlegg","img":{"alt_text":"","src":"","width":0,"height":0},"classes":[]},{"id":9,"url":"https:\/\/www.randulfs-cembalo.no\/?page_id=9","url_meta":{"origin":11,"position":1},"title":"Cembalo 1","date":"05\/02\/2012","format":false,"excerpt":"Dette var et enmanuals cembalo med med en 8-fotstemme og en 4-fot.","rel":"","context":"Liknende innlegg","img":{"alt_text":"","src":"","width":0,"height":0},"classes":[]},{"id":26,"url":"https:\/\/www.randulfs-cembalo.no\/?page_id=26","url_meta":{"origin":11,"position":2},"title":"Cembalo 6","date":"05\/02\/2012","format":false,"excerpt":"Cembalo nr.6: Cembaloet har kun en 8-fotstemme. Jeg har det heime i stua som husinstrument. \u00a0","rel":"","context":"Liknende innlegg","img":{"alt_text":"","src":"","width":0,"height":0},"classes":[]},{"id":152,"url":"https:\/\/www.randulfs-cembalo.no\/?page_id=152","url_meta":{"origin":11,"position":3},"title":"Cembalo 8","date":"16\/03\/2015","format":false,"excerpt":"Mitt nyeste cembalo ble ferdigbygget i 2014. Cembaloet er n\u00e5 til salgs. Ta kontakt p\u00e5 92649117 eller send epost. Cembaloet er et 2\u00d78 + L. Transponering til 415. Bilder av instrumentet\/pictures of the instrument:","rel":"","context":"Liknende innlegg","img":{"alt_text":"","src":"http:\/\/18.194.160.168\/index.php\/nextgen-attach_to_post\/preview\/id--189","width":350,"height":200},"classes":[]},{"id":18,"url":"https:\/\/www.randulfs-cembalo.no\/?page_id=18","url_meta":{"origin":11,"position":4},"title":"Cembalo 5","date":"05\/02\/2012","format":false,"excerpt":"Cembalo nr. 5: 2x8 L Musikk spilt p\u00e5 dette cembaloet: [wpfilebase tag=file id=2 \/] \u00a0","rel":"","context":"Liknende innlegg","img":{"alt_text":"","src":"","width":0,"height":0},"classes":[]},{"id":28,"url":"https:\/\/www.randulfs-cembalo.no\/?page_id=28","url_meta":{"origin":11,"position":5},"title":"Cembalo 7","date":"05\/02\/2012","format":false,"excerpt":"Cembaloet er et 2x8 L. Transponering til 415. Musikk spilt p\u00e5 dette cembaloet: [wpfilebase tag=file id=6 tpl=mp3 \/]","rel":"","context":"Liknende innlegg","img":{"alt_text":"","src":"","width":0,"height":0},"classes":[]}],"_links":{"self":[{"href":"https:\/\/www.randulfs-cembalo.no\/index.php?rest_route=\/wp\/v2\/pages\/11","targetHints":{"allow":["GET"]}}],"collection":[{"href":"https:\/\/www.randulfs-cembalo.no\/index.php?rest_route=\/wp\/v2\/pages"}],"about":[{"href":"https:\/\/www.randulfs-cembalo.no\/index.php?rest_route=\/wp\/v2\/types\/page"}],"author":[{"embeddable":true,"href":"https:\/\/www.randulfs-cembalo.no\/index.php?rest_route=\/wp\/v2\/users\/1"}],"replies":[{"embeddable":true,"href":"https:\/\/www.randulfs-cembalo.no\/index.php?rest_route=%2Fwp%2Fv2%2Fcomments&post=11"}],"version-history":[{"count":7,"href":"https:\/\/www.randulfs-cembalo.no\/index.php?rest_route=\/wp\/v2\/pages\/11\/revisions"}],"predecessor-version":[{"id":109,"href":"https:\/\/www.randulfs-cembalo.no\/index.php?rest_route=\/wp\/v2\/pages\/11\/revisions\/109"}],"up":[{"embeddable":true,"href":"https:\/\/www.randulfs-cembalo.no\/index.php?rest_route=\/wp\/v2\/pages\/7"}],"wp:attachment":[{"href":"https:\/\/www.randulfs-cembalo.no\/index.php?rest_route=%2Fwp%2Fv2%2Fmedia&parent=11"}],"curies":[{"name":"wp","href":"https:\/\/api.w.org\/{rel}","templated":true}]}}